{"id":557,"date":"2015-02-01T22:06:06","date_gmt":"2015-02-01T21:06:06","guid":{"rendered":"http:\/\/stadtlux.at\/?page_id=557"},"modified":"2015-02-01T22:06:06","modified_gmt":"2015-02-01T21:06:06","slug":"englhartszell","status":"publish","type":"page","link":"https:\/\/stadtlux.at\/en\/tours\/upper-austria\/englhartszell\/","title":{"rendered":"Englhartszell"},"content":{"rendered":"<p>[vc_row][vc_column width=&#8221;1\/1&#8243;][vc_single_image image=&#8221;370&#8243; alignment=&#8221;center&#8221; border_color=&#8221;grey&#8221; img_link_target=&#8221;_self&#8221; img_size=&#8221;687&#215;144&#8243;][\/vc_column][\/vc_row][vc_row][vc_column width=&#8221;1\/2&#8243;][vc_column_text]<\/p>\n<p>Im tiefsten Sauwald an der Donau mit dem gef\u00e4hrlichen Jochenstein, dort schlichen die Schmuggler des N\u00e4chtens auf verbotenen Wegen \u00fcber die Grenzen. Nicht einmal die frommen Trappisten konnten etwas entgegen setzen \u2013 denn auch sie k\u00e4mpften ums \u00dcberleben.<\/p>\n<p><a href=\"mailto:info@stadtlux.at\"><img decoding=\"async\" class=\"  aligncenter wp-image-108\" src=\"http:\/\/stadtlux.de\/wp-content\/uploads\/2015\/01\/Ohne-Titel1.png\" alt=\"Ohne Titel\" width=\"141\" height=\"37\" \/><\/a><\/p>\n<p>[\/vc_column_text][\/vc_column][vc_column width=&#8221;1\/2&#8243;][vc_column_text]<\/p>\n<table style=\"height: 126px; border-color: #a3864c;\" border=\"3\" width=\"294\">\n<tbody>\n<tr>\n<td style=\"width: 145px;\"><strong>max Teilnehmer:<\/strong><\/td>\n<td style=\"text-align: left;\">35 Personen<\/td>\n<\/tr>\n<tr>\n<td><strong>Dauer: \u00a0<\/strong><\/td>\n<td style=\"text-align: left;\">1 1\/2 Stunden<\/td>\n<\/tr>\n<tr>\n<td><b>Preis Deutsch:<\/b><\/td>\n<td style=\"text-align: left;\">145,- \u20ac\u00a0exkl.\u00a0Steuer<\/td>\n<\/tr>\n<tr>\n<td><b>Preis Fremdsprache:<\/b><\/td>\n<td style=\"text-align: left;\">165,-\u20ac exkl. Steuer<\/td>\n<\/tr>\n<\/tbody>\n<\/table>\n<p>[\/vc_column_text][\/vc_column][\/vc_row]<\/p>\n","protected":false},"excerpt":{"rendered":"<p>[vc_row][vc_column width=&#8221;1\/1&#8243;][vc_single_image image=&#8221;370&#8243; alignment=&#8221;center&#8221; border_color=&#8221;grey&#8221; img_link_target=&#8221;_self&#8221; img_size=&#8221;687&#215;144&#8243;][\/vc_column][\/vc_row][vc_row][vc_column width=&#8221;1\/2&#8243;][vc_column_text] Im tiefsten Sauwald an der Donau mit dem gef\u00e4hrlichen Jochenstein, dort schlichen die Schmuggler des N\u00e4chtens auf verbotenen Wegen \u00fcber die Grenzen. Nicht einmal die frommen Trappisten konnten etwas entgegen setzen \u2013 denn auch sie k\u00e4mpften ums \u00dcberleben. [\/vc_column_text][\/vc_column][vc_column width=&#8221;1\/2&#8243;][vc_column_text] max Teilnehmer: 35 Personen Dauer: \u00a0 1 [&hellip;]<\/p>\n","protected":false},"author":1,"featured_media":0,"parent":549,"menu_order":0,"comment_status":"closed","ping_status":"closed","template":"","meta":{"footnotes":""},"class_list":["post-557","page","type-page","status-publish","hentry"],"yoast_head":"<!-- This site is optimized with the Yoast SEO plugin v27.5 - https:\/\/yoast.com\/product\/yoast-seo-wordpress\/ -->\n<title>Englhartszell - Stadtlux<\/title>\n<meta name=\"robots\" content=\"noindex, follow, max-snippet:-1, max-image-preview:large, max-video-preview:-1\" \/>\n<meta property=\"og:locale\" content=\"en_US\" \/>\n<meta property=\"og:type\" content=\"article\" \/>\n<meta property=\"og:title\" content=\"Englhartszell - Stadtlux\" \/>\n<meta property=\"og:description\" content=\"[vc_row][vc_column width=&#8221;1\/1&#8243;][vc_single_image image=&#8221;370&#8243; alignment=&#8221;center&#8221; border_color=&#8221;grey&#8221; img_link_target=&#8221;_self&#8221; img_size=&#8221;687&#215;144&#8243;][\/vc_column][\/vc_row][vc_row][vc_column width=&#8221;1\/2&#8243;][vc_column_text] Im tiefsten Sauwald an der Donau mit dem gef\u00e4hrlichen Jochenstein, dort schlichen die Schmuggler des N\u00e4chtens auf verbotenen Wegen \u00fcber die Grenzen. Nicht einmal die frommen Trappisten konnten etwas entgegen setzen \u2013 denn auch sie k\u00e4mpften ums \u00dcberleben. [\/vc_column_text][\/vc_column][vc_column width=&#8221;1\/2&#8243;][vc_column_text] max Teilnehmer: 35 Personen Dauer: \u00a0 1 [&hellip;]\" \/>\n<meta property=\"og:url\" content=\"https:\/\/stadtlux.at\/en\/tours\/upper-austria\/englhartszell\/\" \/>\n<meta property=\"og:site_name\" content=\"Stadtlux\" \/>\n<meta property=\"og:image\" content=\"http:\/\/stadtlux.de\/wp-content\/uploads\/2015\/01\/Ohne-Titel1.png\" \/>\n<meta name=\"twitter:label1\" content=\"Est. reading time\" \/>\n\t<meta name=\"twitter:data1\" content=\"1 minute\" \/>\n<script type=\"application\/ld+json\" class=\"yoast-schema-graph\">{\"@context\":\"https:\\\/\\\/schema.org\",\"@graph\":[{\"@type\":\"WebPage\",\"@id\":\"https:\\\/\\\/stadtlux.at\\\/en\\\/tours\\\/upper-austria\\\/englhartszell\\\/\",\"url\":\"https:\\\/\\\/stadtlux.at\\\/en\\\/tours\\\/upper-austria\\\/englhartszell\\\/\",\"name\":\"Englhartszell - Stadtlux\",\"isPartOf\":{\"@id\":\"https:\\\/\\\/stadtlux.at\\\/en\\\/#website\"},\"primaryImageOfPage\":{\"@id\":\"https:\\\/\\\/stadtlux.at\\\/en\\\/tours\\\/upper-austria\\\/englhartszell\\\/#primaryimage\"},\"image\":{\"@id\":\"https:\\\/\\\/stadtlux.at\\\/en\\\/tours\\\/upper-austria\\\/englhartszell\\\/#primaryimage\"},\"thumbnailUrl\":\"http:\\\/\\\/stadtlux.de\\\/wp-content\\\/uploads\\\/2015\\\/01\\\/Ohne-Titel1.png\",\"datePublished\":\"2015-02-01T21:06:06+00:00\",\"breadcrumb\":{\"@id\":\"https:\\\/\\\/stadtlux.at\\\/en\\\/tours\\\/upper-austria\\\/englhartszell\\\/#breadcrumb\"},\"inLanguage\":\"en-US\",\"potentialAction\":[{\"@type\":\"ReadAction\",\"target\":[\"https:\\\/\\\/stadtlux.at\\\/en\\\/tours\\\/upper-austria\\\/englhartszell\\\/\"]}]},{\"@type\":\"ImageObject\",\"inLanguage\":\"en-US\",\"@id\":\"https:\\\/\\\/stadtlux.at\\\/en\\\/tours\\\/upper-austria\\\/englhartszell\\\/#primaryimage\",\"url\":\"http:\\\/\\\/stadtlux.de\\\/wp-content\\\/uploads\\\/2015\\\/01\\\/Ohne-Titel1.png\",\"contentUrl\":\"http:\\\/\\\/stadtlux.de\\\/wp-content\\\/uploads\\\/2015\\\/01\\\/Ohne-Titel1.png\"},{\"@type\":\"BreadcrumbList\",\"@id\":\"https:\\\/\\\/stadtlux.at\\\/en\\\/tours\\\/upper-austria\\\/englhartszell\\\/#breadcrumb\",\"itemListElement\":[{\"@type\":\"ListItem\",\"position\":1,\"name\":\"Startseite\",\"item\":\"https:\\\/\\\/stadtlux.at\\\/en\\\/\"},{\"@type\":\"ListItem\",\"position\":2,\"name\":\"tours\",\"item\":\"https:\\\/\\\/stadtlux.at\\\/en\\\/tours\\\/\"},{\"@type\":\"ListItem\",\"position\":3,\"name\":\"Upper Austria\",\"item\":\"https:\\\/\\\/stadtlux.at\\\/en\\\/tours\\\/upper-austria\\\/\"},{\"@type\":\"ListItem\",\"position\":4,\"name\":\"Englhartszell\"}]},{\"@type\":\"WebSite\",\"@id\":\"https:\\\/\\\/stadtlux.at\\\/en\\\/#website\",\"url\":\"https:\\\/\\\/stadtlux.at\\\/en\\\/\",\"name\":\"Stadtlux\",\"description\":\"interaktive Erlebnisf\u00fchrungen\",\"publisher\":{\"@id\":\"https:\\\/\\\/stadtlux.at\\\/en\\\/#organization\"},\"potentialAction\":[{\"@type\":\"SearchAction\",\"target\":{\"@type\":\"EntryPoint\",\"urlTemplate\":\"https:\\\/\\\/stadtlux.at\\\/en\\\/?s={search_term_string}\"},\"query-input\":{\"@type\":\"PropertyValueSpecification\",\"valueRequired\":true,\"valueName\":\"search_term_string\"}}],\"inLanguage\":\"en-US\"},{\"@type\":\"Organization\",\"@id\":\"https:\\\/\\\/stadtlux.at\\\/en\\\/#organization\",\"name\":\"StadtLux - interaktive Erlebnis F\u00fchrungen\",\"url\":\"https:\\\/\\\/stadtlux.at\\\/en\\\/\",\"logo\":{\"@type\":\"ImageObject\",\"inLanguage\":\"en-US\",\"@id\":\"https:\\\/\\\/stadtlux.at\\\/en\\\/#\\\/schema\\\/logo\\\/image\\\/\",\"url\":\"https:\\\/\\\/i2.wp.com\\\/stadtlux.at\\\/wp-content\\\/uploads\\\/2021\\\/04\\\/image-1.jpg?fit=960%2C960&ssl=1\",\"contentUrl\":\"https:\\\/\\\/i2.wp.com\\\/stadtlux.at\\\/wp-content\\\/uploads\\\/2021\\\/04\\\/image-1.jpg?fit=960%2C960&ssl=1\",\"width\":960,\"height\":960,\"caption\":\"StadtLux - interaktive Erlebnis F\u00fchrungen\"},\"image\":{\"@id\":\"https:\\\/\\\/stadtlux.at\\\/en\\\/#\\\/schema\\\/logo\\\/image\\\/\"}}]}<\/script>\n<!-- \/ Yoast SEO plugin. -->","yoast_head_json":{"title":"Englhartszell - Stadtlux","robots":{"index":"noindex","follow":"follow","max-snippet":"max-snippet:-1","max-image-preview":"max-image-preview:large","max-video-preview":"max-video-preview:-1"},"og_locale":"en_US","og_type":"article","og_title":"Englhartszell - Stadtlux","og_description":"[vc_row][vc_column width=&#8221;1\/1&#8243;][vc_single_image image=&#8221;370&#8243; alignment=&#8221;center&#8221; border_color=&#8221;grey&#8221; img_link_target=&#8221;_self&#8221; img_size=&#8221;687&#215;144&#8243;][\/vc_column][\/vc_row][vc_row][vc_column width=&#8221;1\/2&#8243;][vc_column_text] Im tiefsten Sauwald an der Donau mit dem gef\u00e4hrlichen Jochenstein, dort schlichen die Schmuggler des N\u00e4chtens auf verbotenen Wegen \u00fcber die Grenzen. Nicht einmal die frommen Trappisten konnten etwas entgegen setzen \u2013 denn auch sie k\u00e4mpften ums \u00dcberleben. [\/vc_column_text][\/vc_column][vc_column width=&#8221;1\/2&#8243;][vc_column_text] max Teilnehmer: 35 Personen Dauer: \u00a0 1 [&hellip;]","og_url":"https:\/\/stadtlux.at\/en\/tours\/upper-austria\/englhartszell\/","og_site_name":"Stadtlux","og_image":[{"url":"http:\/\/stadtlux.de\/wp-content\/uploads\/2015\/01\/Ohne-Titel1.png","type":"","width":"","height":""}],"twitter_misc":{"Est. reading time":"1 minute"},"schema":{"@context":"https:\/\/schema.org","@graph":[{"@type":"WebPage","@id":"https:\/\/stadtlux.at\/en\/tours\/upper-austria\/englhartszell\/","url":"https:\/\/stadtlux.at\/en\/tours\/upper-austria\/englhartszell\/","name":"Englhartszell - Stadtlux","isPartOf":{"@id":"https:\/\/stadtlux.at\/en\/#website"},"primaryImageOfPage":{"@id":"https:\/\/stadtlux.at\/en\/tours\/upper-austria\/englhartszell\/#primaryimage"},"image":{"@id":"https:\/\/stadtlux.at\/en\/tours\/upper-austria\/englhartszell\/#primaryimage"},"thumbnailUrl":"http:\/\/stadtlux.de\/wp-content\/uploads\/2015\/01\/Ohne-Titel1.png","datePublished":"2015-02-01T21:06:06+00:00","breadcrumb":{"@id":"https:\/\/stadtlux.at\/en\/tours\/upper-austria\/englhartszell\/#breadcrumb"},"inLanguage":"en-US","potentialAction":[{"@type":"ReadAction","target":["https:\/\/stadtlux.at\/en\/tours\/upper-austria\/englhartszell\/"]}]},{"@type":"ImageObject","inLanguage":"en-US","@id":"https:\/\/stadtlux.at\/en\/tours\/upper-austria\/englhartszell\/#primaryimage","url":"http:\/\/stadtlux.de\/wp-content\/uploads\/2015\/01\/Ohne-Titel1.png","contentUrl":"http:\/\/stadtlux.de\/wp-content\/uploads\/2015\/01\/Ohne-Titel1.png"},{"@type":"BreadcrumbList","@id":"https:\/\/stadtlux.at\/en\/tours\/upper-austria\/englhartszell\/#breadcrumb","itemListElement":[{"@type":"ListItem","position":1,"name":"Startseite","item":"https:\/\/stadtlux.at\/en\/"},{"@type":"ListItem","position":2,"name":"tours","item":"https:\/\/stadtlux.at\/en\/tours\/"},{"@type":"ListItem","position":3,"name":"Upper Austria","item":"https:\/\/stadtlux.at\/en\/tours\/upper-austria\/"},{"@type":"ListItem","position":4,"name":"Englhartszell"}]},{"@type":"WebSite","@id":"https:\/\/stadtlux.at\/en\/#website","url":"https:\/\/stadtlux.at\/en\/","name":"Stadtlux","description":"interaktive Erlebnisf\u00fchrungen","publisher":{"@id":"https:\/\/stadtlux.at\/en\/#organization"},"potentialAction":[{"@type":"SearchAction","target":{"@type":"EntryPoint","urlTemplate":"https:\/\/stadtlux.at\/en\/?s={search_term_string}"},"query-input":{"@type":"PropertyValueSpecification","valueRequired":true,"valueName":"search_term_string"}}],"inLanguage":"en-US"},{"@type":"Organization","@id":"https:\/\/stadtlux.at\/en\/#organization","name":"StadtLux - interaktive Erlebnis F\u00fchrungen","url":"https:\/\/stadtlux.at\/en\/","logo":{"@type":"ImageObject","inLanguage":"en-US","@id":"https:\/\/stadtlux.at\/en\/#\/schema\/logo\/image\/","url":"https:\/\/i2.wp.com\/stadtlux.at\/wp-content\/uploads\/2021\/04\/image-1.jpg?fit=960%2C960&ssl=1","contentUrl":"https:\/\/i2.wp.com\/stadtlux.at\/wp-content\/uploads\/2021\/04\/image-1.jpg?fit=960%2C960&ssl=1","width":960,"height":960,"caption":"StadtLux - interaktive Erlebnis F\u00fchrungen"},"image":{"@id":"https:\/\/stadtlux.at\/en\/#\/schema\/logo\/image\/"}}]}},"_links":{"self":[{"href":"https:\/\/stadtlux.at\/en\/wp-json\/wp\/v2\/pages\/557","targetHints":{"allow":["GET"]}}],"collection":[{"href":"https:\/\/stadtlux.at\/en\/wp-json\/wp\/v2\/pages"}],"about":[{"href":"https:\/\/stadtlux.at\/en\/wp-json\/wp\/v2\/types\/page"}],"author":[{"embeddable":true,"href":"https:\/\/stadtlux.at\/en\/wp-json\/wp\/v2\/users\/1"}],"replies":[{"embeddable":true,"href":"https:\/\/stadtlux.at\/en\/wp-json\/wp\/v2\/comments?post=557"}],"version-history":[{"count":1,"href":"https:\/\/stadtlux.at\/en\/wp-json\/wp\/v2\/pages\/557\/revisions"}],"predecessor-version":[{"id":558,"href":"https:\/\/stadtlux.at\/en\/wp-json\/wp\/v2\/pages\/557\/revisions\/558"}],"up":[{"embeddable":true,"href":"https:\/\/stadtlux.at\/en\/wp-json\/wp\/v2\/pages\/549"}],"wp:attachment":[{"href":"https:\/\/stadtlux.at\/en\/wp-json\/wp\/v2\/media?parent=557"}],"curies":[{"name":"wp","href":"https:\/\/api.w.org\/{rel}","templated":true}]}}