{"id":459,"date":"2015-01-31T14:44:08","date_gmt":"2015-01-31T13:44:08","guid":{"rendered":"http:\/\/stadtlux.at\/?page_id=459"},"modified":"2015-02-01T22:41:30","modified_gmt":"2015-02-01T21:41:30","slug":"terms-conditions","status":"publish","type":"page","link":"https:\/\/stadtlux.at\/en\/us\/terms-conditions\/","title":{"rendered":"Terms and Conditions"},"content":{"rendered":"<div class=\"csc-header csc-header-n1\">\n<h1 class=\"csc-firstHeader\">Terms and\u00a0Conditions<\/h1>\n<\/div>\n<p class=\"bodytext\"><b>1.\u00a0<\/b><b>Anmeldung und Vertragsabschluss<\/b><\/p>\n<p class=\"bodytext\">Mit seiner schriftlichen oder m\u00fcndlichen Anmeldung bietet die Vertragspartnerin \/ der\u00a0Vertragspartner, im Folgenden Kunde genannt, den Abschluss eines Reisevertrages verbindlich an. Diese Anmeldung gilt bei Gruppenprogrammen f\u00fcr die gesamte Gruppe und die aus der Buchung entstehenden Forderungen. Mit der Anmeldung erkennt der Kunde die Allgemeinen Gesch\u00e4ftsbedingungen an. Die Buchung wird verbindlich, sobald die bestellte Leistung von\u00a0<b>&#8220;StadtLux&#8221;<\/b>, im Folgenden auch Veranstalter genannt, schriftlich, per Fax, per E-Mail oder m\u00fcndlich best\u00e4tigt wird.<\/p>\n<p class=\"bodytext\"><b>2.\u00a0<\/b><b>Zahlung<\/b><\/p>\n<p class=\"bodytext\">Die Bezahlung der Leistung erfolgt im Anschluss an die Veranstaltung per Rechnung oder in bar ohne jeden Abzug.<\/p>\n<p class=\"bodytext\"><b>3.\u00a0<\/b><b>Leistungen und Leistungs\u00e4nderungen<\/b><\/p>\n<p class=\"bodytext\">Der Umfang der vertraglichen Leistungen ergibt sich aus der Leistungsbeschreibung des\u00a0Veranstalters. Nebenabreden bed\u00fcrfen der schriftlichen Best\u00e4tigung durch\u00a0<b>&#8220;StadtLux&#8221;<\/b>. Der Wegfall einzelner Leistungsteile berechtigt nicht zum Einbehalt der Vertragssumme oder zum Teilabzug, sofern es sich um Gr\u00fcnde handelt, die nicht von\u00a0<b>&#8220;StadtLux&#8221;\u00a0<\/b>zu vertreten sind. Sind der Wegfall einzelner Leistungen durch den Veranstalter zu vertreten, so hat er das Recht, diese Leistungen durch gleichwertige andere Leistungen zu ersetzen. Der Veranstalter ist verpflichtet, den Kunden hiervon in Kenntnis zu setzten. Gegebenenfalls wird der Veranstalter dem Kunden eine kostenlose Umbuchung oder einen kostenlosen R\u00fccktritt anbieten.<\/p>\n<p class=\"bodytext\"><b>4.\u00a0<\/b><b>R\u00fccktritt durch den Kunden<\/b><\/p>\n<p class=\"bodytext\">Der Kunde kann jederzeit vor Beginn der gebuchten Veranstaltung zur\u00fccktreten. Ma\u00dfgeblich ist der Zugang der R\u00fccktrittserkl\u00e4rung beim\u00a0<b>&#8220;StadtLux&#8221;<\/b>. Der R\u00fccktritt muss schriftlich erfolgen. Tritt der Kunde vom Vertrag zur\u00fcck oder nimmt er einen vereinbarten Termin nicht wahr ohne vorher vom Vertrag zur\u00fcckzutreten, kann der Veranstalter eine angemessene Entsch\u00e4digung verlangen.\u00a0<b>&#8220;StadtLux&#8221;\u00a0<\/b>kann den Schaden konkret berechnen oder nach seiner Wahl einen pauschalierten Ersatzanspruch geltend machen.<\/p>\n<p class=\"bodytext\">Dieser betr\u00e4gt<\/p>\n<ul>\n<li>vom 30. bis zum 15. Tag vor Veranstaltungsbeginn: 20 % des Veranstaltungspreises,<\/li>\n<li>vom 14. bis zum 6. Tag vor Veranstaltungsbeginn: 30 % des Veranstaltungspreises,<\/li>\n<li>vom 5. bis zum 2. Tag vor Veranstaltungsbeginn: 50 % des Veranstaltungspreises,<\/li>\n<li>ab 1. Tag vor Veranstaltungsbeginn und bei Nichterscheinen der Gruppe: 100 % des Veranstaltungspreises.<\/li>\n<\/ul>\n<p class=\"bodytext\">Dar\u00fcber hinaus gelten bei Inanspruchnahme von Fremdleistungen die allgemeinen\u00a0Gesch\u00e4ftsbedingungen der Leistungstr\u00e4ger, insbesondere hinsichtlich der Zahlungs- und\u00a0Stornobedingungen.<\/p>\n<p class=\"bodytext\"><b>5.\u00a0<\/b><b>R\u00fccktritt und K\u00fcndigung durch &#8220;StadtLux&#8221;<\/b><\/p>\n<p class=\"bodytext\"><b>&#8220;StadtLux&#8221;\u00a0<\/b>kann in folgenden F\u00e4llen vom Vertrag zur\u00fccktreten:<\/p>\n<ul>\n<li>bei Nichterreichen einer f\u00fcr Gruppenprogramme ausgeschriebenen Teilnehmer\/innenzahl\u00a0zum vereinbarten Termin. In diesem Fall gezahlte Beitr\u00e4ge werden in voller H\u00f6he zur\u00fcckerstattet.<\/li>\n<li>wenn der Kunde oder die Teilnehmer\/innen einer Gruppe des Kunden die Durchf\u00fchrung der Veranstaltung, ungeachtet einer Abmahnung, nachhaltig st\u00f6rt oder wenn er sich in solchem Ma\u00dfe vertragswidrig verh\u00e4lt, dass die sofortige Aufhebung des Vertrages gerechtfertigt ist.<\/li>\n<li>wenn der Kunde oder die Teilnehmer\/innen einer Gruppe des Kunden den Anforderungen einer Veranstaltung aufgrund der Fehleinsch\u00e4tzung seiner Leistungsf\u00e4higkeit nicht gewachsen ist.<\/li>\n<li>wenn der Kunde die vereinbarten Vertragsbedingungen nicht einh\u00e4lt.<\/li>\n<li>bei Nichterscheinen der Gruppe: 100 % des Veranstaltungspreises.<\/li>\n<\/ul>\n<p class=\"bodytext\"><b>6.\u00a0<\/b><b>Haftung<\/b><\/p>\n<p class=\"bodytext\"><b>&#8220;StadtLux&#8221;\u00a0<\/b>haftet als Veranstalter f\u00fcr die gewissenhafte Vorbereitung der Veranstaltungen, die sorgf\u00e4ltige Auswahl und \u00dcberwachung der Leistungstr\u00e4ger, die Richtigkeit der Leistungsbeschreibung und die ordnungsgem\u00e4\u00dfe Erbringung der vertraglich vereinbarten Leistung.\u00a0<b>&#8220;StadtLux&#8221;\u00a0<\/b>haftet nicht f\u00fcr Leistungen, die als Fremdleistungen anderer Leistungsanbieter\u00a0vermittelt werden (z.B. Rundg\u00e4nge anderer Anbieter, Theater-, Museums- oder\u00a0Ausstellungsbesuche, Bahn-, Bus- oder Schiffs- Taxifahrten usw.) und die in der\u00a0Veranstaltungsbeschreibung ausdr\u00fccklich als Fremdleistungen gekennzeichnet sind. Keine Haftung besteht bei Einbruch oder Diebstahl. Wir empfehlen daher den Abschluss einer\u00a0Reisegep\u00e4ckversicherung. Der Kunde oder die Teilnehmer\/innen einer Gruppe des Kunden haften f\u00fcr jeden Schaden, der durch oder an die von ihm\/ihr mitgef\u00fchrten Sachen verursacht wird.<\/p>\n<p class=\"bodytext\"><b>7.\u00a0<\/b><b>Mitwirkungspflicht<\/b><\/p>\n<p class=\"bodytext\">Der Kunde oder die Teilnehmer\/innen einer Gruppe des Kunden sind verpflichtet, bei auftretenden Leistungsst\u00f6rungen im Rahmen der gesetzlichen Bestimmungen mitzuwirken, eventuelle Sch\u00e4den zu vermeiden oder gering zu halten. Der Kunde oder die Teilnehmer\/innen einer Gruppe des Kunden sind insbesondere verpflichtet, Beanstandungen unverz\u00fcglich dem\u00a0<b>&#8220;StadtLux&#8221;<\/b>\u00a0mitzuteilen.<\/p>\n<p class=\"bodytext\"><b>8.\u00a0<\/b><b>Datenschutz<\/b><\/p>\n<p class=\"bodytext\">Der Kunde ist damit einverstanden, dass die f\u00fcr die Abwicklung der vereinbarten Leistung zur Verf\u00fcgung gestellten Daten auch weiterhin vom\u00a0<b>&#8220;StadtLux&#8221;\u00a0<\/b>f\u00fcr die Kundenbetreuung\u00a0verwendet werden. Diese Daten werden im Sinne des Bundesdatenschutzgesetzes nicht an Dritte weitergegeben.<\/p>\n<p class=\"bodytext\"><b>9.\u00a0<\/b><b>Unwirksamkeit einzelner Bestimmungen<\/b><\/p>\n<p class=\"bodytext\">Die Unwirksamkeit einzelner Bestimmungen der Allgemeinen Gesch\u00e4ftsbedingungen oder des Reisevertrages hat nicht die Unwirksamkeit des gesamten Vertrages zur Folge.<\/p>\n<p class=\"bodytext\"><b>10.\u00a0<\/b><b>Erf\u00fcllungsort und Gerichtsstand<\/b><\/p>\n<p class=\"bodytext\">Erf\u00fcllungsort und alleiniger Gerichtsstand ist Passau.<\/p>\n<p class=\"bodytext\">\n","protected":false},"excerpt":{"rendered":"<p>Terms and\u00a0Conditions 1.\u00a0Anmeldung und Vertragsabschluss Mit seiner schriftlichen oder m\u00fcndlichen Anmeldung bietet die Vertragspartnerin \/ der\u00a0Vertragspartner, im Folgenden Kunde genannt, den Abschluss eines Reisevertrages verbindlich an. Diese Anmeldung gilt bei Gruppenprogrammen f\u00fcr die gesamte Gruppe und die aus der Buchung entstehenden Forderungen. Mit der Anmeldung erkennt der Kunde die Allgemeinen Gesch\u00e4ftsbedingungen an. Die Buchung wird [&hellip;]<\/p>\n","protected":false},"author":1,"featured_media":0,"parent":484,"menu_order":0,"comment_status":"closed","ping_status":"closed","template":"","meta":{"footnotes":""},"class_list":["post-459","page","type-page","status-publish","hentry"],"yoast_head":"<!-- This site is optimized with the Yoast SEO plugin v27.4 - https:\/\/yoast.com\/product\/yoast-seo-wordpress\/ -->\n<title>Terms and Conditions - Stadtlux<\/title>\n<meta name=\"robots\" content=\"noindex, follow, max-snippet:-1, max-image-preview:large, max-video-preview:-1\" \/>\n<meta property=\"og:locale\" content=\"en_US\" \/>\n<meta property=\"og:type\" content=\"article\" \/>\n<meta property=\"og:title\" content=\"Terms and Conditions - Stadtlux\" \/>\n<meta property=\"og:description\" content=\"Terms and\u00a0Conditions 1.\u00a0Anmeldung und Vertragsabschluss Mit seiner schriftlichen oder m\u00fcndlichen Anmeldung bietet die Vertragspartnerin \/ der\u00a0Vertragspartner, im Folgenden Kunde genannt, den Abschluss eines Reisevertrages verbindlich an. Diese Anmeldung gilt bei Gruppenprogrammen f\u00fcr die gesamte Gruppe und die aus der Buchung entstehenden Forderungen. Mit der Anmeldung erkennt der Kunde die Allgemeinen Gesch\u00e4ftsbedingungen an. Die Buchung wird [&hellip;]\" \/>\n<meta property=\"og:url\" content=\"https:\/\/stadtlux.at\/en\/us\/terms-conditions\/\" \/>\n<meta property=\"og:site_name\" content=\"Stadtlux\" \/>\n<meta property=\"article:modified_time\" content=\"2015-02-01T21:41:30+00:00\" \/>\n<meta name=\"twitter:label1\" content=\"Est. reading time\" \/>\n\t<meta name=\"twitter:data1\" content=\"4 minutes\" \/>\n<script type=\"application\/ld+json\" class=\"yoast-schema-graph\">{\"@context\":\"https:\\\/\\\/schema.org\",\"@graph\":[{\"@type\":\"WebPage\",\"@id\":\"https:\\\/\\\/stadtlux.at\\\/en\\\/us\\\/terms-conditions\\\/\",\"url\":\"https:\\\/\\\/stadtlux.at\\\/en\\\/us\\\/terms-conditions\\\/\",\"name\":\"Terms and Conditions - Stadtlux\",\"isPartOf\":{\"@id\":\"https:\\\/\\\/stadtlux.at\\\/en\\\/#website\"},\"datePublished\":\"2015-01-31T13:44:08+00:00\",\"dateModified\":\"2015-02-01T21:41:30+00:00\",\"breadcrumb\":{\"@id\":\"https:\\\/\\\/stadtlux.at\\\/en\\\/us\\\/terms-conditions\\\/#breadcrumb\"},\"inLanguage\":\"en-US\",\"potentialAction\":[{\"@type\":\"ReadAction\",\"target\":[\"https:\\\/\\\/stadtlux.at\\\/en\\\/us\\\/terms-conditions\\\/\"]}]},{\"@type\":\"BreadcrumbList\",\"@id\":\"https:\\\/\\\/stadtlux.at\\\/en\\\/us\\\/terms-conditions\\\/#breadcrumb\",\"itemListElement\":[{\"@type\":\"ListItem\",\"position\":1,\"name\":\"Startseite\",\"item\":\"https:\\\/\\\/stadtlux.at\\\/en\\\/\"},{\"@type\":\"ListItem\",\"position\":2,\"name\":\"about us\",\"item\":\"https:\\\/\\\/stadtlux.at\\\/en\\\/us\\\/\"},{\"@type\":\"ListItem\",\"position\":3,\"name\":\"Terms and Conditions\"}]},{\"@type\":\"WebSite\",\"@id\":\"https:\\\/\\\/stadtlux.at\\\/en\\\/#website\",\"url\":\"https:\\\/\\\/stadtlux.at\\\/en\\\/\",\"name\":\"Stadtlux\",\"description\":\"interaktive Erlebnisf\u00fchrungen\",\"publisher\":{\"@id\":\"https:\\\/\\\/stadtlux.at\\\/en\\\/#organization\"},\"potentialAction\":[{\"@type\":\"SearchAction\",\"target\":{\"@type\":\"EntryPoint\",\"urlTemplate\":\"https:\\\/\\\/stadtlux.at\\\/en\\\/?s={search_term_string}\"},\"query-input\":{\"@type\":\"PropertyValueSpecification\",\"valueRequired\":true,\"valueName\":\"search_term_string\"}}],\"inLanguage\":\"en-US\"},{\"@type\":\"Organization\",\"@id\":\"https:\\\/\\\/stadtlux.at\\\/en\\\/#organization\",\"name\":\"StadtLux - interaktive Erlebnis F\u00fchrungen\",\"url\":\"https:\\\/\\\/stadtlux.at\\\/en\\\/\",\"logo\":{\"@type\":\"ImageObject\",\"inLanguage\":\"en-US\",\"@id\":\"https:\\\/\\\/stadtlux.at\\\/en\\\/#\\\/schema\\\/logo\\\/image\\\/\",\"url\":\"https:\\\/\\\/i2.wp.com\\\/stadtlux.at\\\/wp-content\\\/uploads\\\/2021\\\/04\\\/image-1.jpg?fit=960%2C960&ssl=1\",\"contentUrl\":\"https:\\\/\\\/i2.wp.com\\\/stadtlux.at\\\/wp-content\\\/uploads\\\/2021\\\/04\\\/image-1.jpg?fit=960%2C960&ssl=1\",\"width\":960,\"height\":960,\"caption\":\"StadtLux - interaktive Erlebnis F\u00fchrungen\"},\"image\":{\"@id\":\"https:\\\/\\\/stadtlux.at\\\/en\\\/#\\\/schema\\\/logo\\\/image\\\/\"}}]}<\/script>\n<!-- \/ Yoast SEO plugin. -->","yoast_head_json":{"title":"Terms and Conditions - Stadtlux","robots":{"index":"noindex","follow":"follow","max-snippet":"max-snippet:-1","max-image-preview":"max-image-preview:large","max-video-preview":"max-video-preview:-1"},"og_locale":"en_US","og_type":"article","og_title":"Terms and Conditions - Stadtlux","og_description":"Terms and\u00a0Conditions 1.\u00a0Anmeldung und Vertragsabschluss Mit seiner schriftlichen oder m\u00fcndlichen Anmeldung bietet die Vertragspartnerin \/ der\u00a0Vertragspartner, im Folgenden Kunde genannt, den Abschluss eines Reisevertrages verbindlich an. Diese Anmeldung gilt bei Gruppenprogrammen f\u00fcr die gesamte Gruppe und die aus der Buchung entstehenden Forderungen. Mit der Anmeldung erkennt der Kunde die Allgemeinen Gesch\u00e4ftsbedingungen an. Die Buchung wird [&hellip;]","og_url":"https:\/\/stadtlux.at\/en\/us\/terms-conditions\/","og_site_name":"Stadtlux","article_modified_time":"2015-02-01T21:41:30+00:00","twitter_misc":{"Est. reading time":"4 minutes"},"schema":{"@context":"https:\/\/schema.org","@graph":[{"@type":"WebPage","@id":"https:\/\/stadtlux.at\/en\/us\/terms-conditions\/","url":"https:\/\/stadtlux.at\/en\/us\/terms-conditions\/","name":"Terms and Conditions - Stadtlux","isPartOf":{"@id":"https:\/\/stadtlux.at\/en\/#website"},"datePublished":"2015-01-31T13:44:08+00:00","dateModified":"2015-02-01T21:41:30+00:00","breadcrumb":{"@id":"https:\/\/stadtlux.at\/en\/us\/terms-conditions\/#breadcrumb"},"inLanguage":"en-US","potentialAction":[{"@type":"ReadAction","target":["https:\/\/stadtlux.at\/en\/us\/terms-conditions\/"]}]},{"@type":"BreadcrumbList","@id":"https:\/\/stadtlux.at\/en\/us\/terms-conditions\/#breadcrumb","itemListElement":[{"@type":"ListItem","position":1,"name":"Startseite","item":"https:\/\/stadtlux.at\/en\/"},{"@type":"ListItem","position":2,"name":"about us","item":"https:\/\/stadtlux.at\/en\/us\/"},{"@type":"ListItem","position":3,"name":"Terms and Conditions"}]},{"@type":"WebSite","@id":"https:\/\/stadtlux.at\/en\/#website","url":"https:\/\/stadtlux.at\/en\/","name":"Stadtlux","description":"interaktive Erlebnisf\u00fchrungen","publisher":{"@id":"https:\/\/stadtlux.at\/en\/#organization"},"potentialAction":[{"@type":"SearchAction","target":{"@type":"EntryPoint","urlTemplate":"https:\/\/stadtlux.at\/en\/?s={search_term_string}"},"query-input":{"@type":"PropertyValueSpecification","valueRequired":true,"valueName":"search_term_string"}}],"inLanguage":"en-US"},{"@type":"Organization","@id":"https:\/\/stadtlux.at\/en\/#organization","name":"StadtLux - interaktive Erlebnis F\u00fchrungen","url":"https:\/\/stadtlux.at\/en\/","logo":{"@type":"ImageObject","inLanguage":"en-US","@id":"https:\/\/stadtlux.at\/en\/#\/schema\/logo\/image\/","url":"https:\/\/i2.wp.com\/stadtlux.at\/wp-content\/uploads\/2021\/04\/image-1.jpg?fit=960%2C960&ssl=1","contentUrl":"https:\/\/i2.wp.com\/stadtlux.at\/wp-content\/uploads\/2021\/04\/image-1.jpg?fit=960%2C960&ssl=1","width":960,"height":960,"caption":"StadtLux - interaktive Erlebnis F\u00fchrungen"},"image":{"@id":"https:\/\/stadtlux.at\/en\/#\/schema\/logo\/image\/"}}]}},"_links":{"self":[{"href":"https:\/\/stadtlux.at\/en\/wp-json\/wp\/v2\/pages\/459","targetHints":{"allow":["GET"]}}],"collection":[{"href":"https:\/\/stadtlux.at\/en\/wp-json\/wp\/v2\/pages"}],"about":[{"href":"https:\/\/stadtlux.at\/en\/wp-json\/wp\/v2\/types\/page"}],"author":[{"embeddable":true,"href":"https:\/\/stadtlux.at\/en\/wp-json\/wp\/v2\/users\/1"}],"replies":[{"embeddable":true,"href":"https:\/\/stadtlux.at\/en\/wp-json\/wp\/v2\/comments?post=459"}],"version-history":[{"count":2,"href":"https:\/\/stadtlux.at\/en\/wp-json\/wp\/v2\/pages\/459\/revisions"}],"predecessor-version":[{"id":651,"href":"https:\/\/stadtlux.at\/en\/wp-json\/wp\/v2\/pages\/459\/revisions\/651"}],"up":[{"embeddable":true,"href":"https:\/\/stadtlux.at\/en\/wp-json\/wp\/v2\/pages\/484"}],"wp:attachment":[{"href":"https:\/\/stadtlux.at\/en\/wp-json\/wp\/v2\/media?parent=459"}],"curies":[{"name":"wp","href":"https:\/\/api.w.org\/{rel}","templated":true}]}}